{"id":382,"date":"2026-04-02T10:40:09","date_gmt":"2026-04-02T08:40:09","guid":{"rendered":"https:\/\/cittinformato.netseven.work\/publiacqua\/publiacqua-s-p-a\/"},"modified":"2026-04-03T10:33:36","modified_gmt":"2026-04-03T08:33:36","slug":"publiacqua-s-p-a","status":"publish","type":"page","link":"https:\/\/cittinformato.netseven.work\/publiacqua\/publiacqua-s-p-a\/","title":{"rendered":"Publiacqua S.p.A."},"content":{"rendered":"\n<h2 class=\"wp-block-heading\"><strong>Le gestionnaire<\/strong><\/h2>\n\n\n\n<p>Publiacqua S.p.A. est la soci\u00e9t\u00e9 concessionnaire, depuis le 1er janvier 2002, de la gestion du service hydrique int\u00e9gr\u00e9 de l&#8217;Ambito Territoriale Ottimale n. 3 Medio Valdarno, un territoire, axe porteur de la Toscane, qui concerne 4 provinces : Firenze, Prato, Pistoia et Arezzo. Dans les 46 communes desservies r\u00e9side un tiers de la population r\u00e9gionale (environ 1 300 000 habitants) et sont localis\u00e9es les principales activit\u00e9s \u00e9conomiques de la Toscane.<\/p>\n\n\n\n<p>Publiacqua S.p.A. a \u00e9t\u00e9 constitu\u00e9e en 2000 \u00e0 l&#8217;initiative des communes dans lesquelles la soci\u00e9t\u00e9 exerce son activit\u00e9. En 2006, \u00e0 l&#8217;issue d&#8217;un appel d&#8217;offres public, un partenaire priv\u00e9 a \u00e9t\u00e9 s\u00e9lectionn\u00e9, Acque Blu Fiorentine S.p.A. compos\u00e9 d&#8217;un ensemble d&#8217;entreprises publiques et priv\u00e9es parmi lesquelles <em>Acea S.p.A.<\/em>, <em>Suez Environnement S.A.<\/em>, <em>MPS S.p.A<\/em>. qui s&#8217;est adjug\u00e9 40 % du capital social.<\/p>\n\n\n\n<figure class=\"wp-block-image aligncenter\"><img loading=\"lazy\" decoding=\"async\" width=\"657\" height=\"569\" src=\"https:\/\/cittinformato26.ddev.site\/app\/uploads\/sites\/15\/2017\/04\/Schermata-Publiacqua.png\" alt=\"\" class=\"wp-image-166\"\/><\/figure>\n\n\n\n<h2 class=\"wp-block-heading\"><strong>Domaines d&#8217;activit\u00e9<\/strong><\/h2>\n\n\n\n<p>Publiacqua s&#8217;occupe du captage, du traitement, de l&#8217;acheminement et de la distribution d&#8217;eau potable. Son activit\u00e9 concerne aussi bien les eaux souterraines que les eaux de surface. L&#8217;entreprise g\u00e8re un syst\u00e8me d&#8217;installations complexe et articul\u00e9, \u00e0 commencer par les grandes structures du chef-lieu toscan (station de potabilisation de l&#8217;Anconella et de Mantignano).<br>Sur l&#8217;ensemble du territoire g\u00e9r\u00e9, outre la distribution d&#8217;eau potable, la soci\u00e9t\u00e9 assure la collecte des eaux us\u00e9es et leur \u00e9puration, avec la station de San Colombano comme point d&#8217;excellence. La gestion int\u00e9gr\u00e9e du syst\u00e8me d&#8217;\u00e9puration par un seul op\u00e9rateur, sur un territoire aussi vaste, est un pr\u00e9requis essentiel pour sa modernisation et son optimisation, notamment afin de r\u00e9duire le niveau de pollution des eaux fluviales de la R\u00e9gion.<\/p>\n\n\n\n<ul class=\"wp-block-list\">\n<li><strong>production et vente d&#8217;eau potable ;<\/strong><\/li>\n\n\n\n<li><strong>vente d&#8217;eau de haute qualit\u00e9 ;<\/strong><\/li>\n\n\n\n<li><strong>\u00e9puration ;<\/strong><\/li>\n\n\n\n<li><strong>assainissement ;<\/strong><\/li>\n\n\n\n<li><strong>contr\u00f4les de laboratoire chimiques et biologiques, analyses ;<\/strong><\/li>\n\n\n\n<li><strong>partenariats<\/strong><\/li>\n<\/ul>\n\n\n\n<h2 class=\"wp-block-heading\">Liens utiles<\/h2>\n\n\n\n<div class=\"wp-block-columns is-layout-flex wp-container-core-columns-is-layout-9d6595d7 wp-block-columns-is-layout-flex\">\n<div class=\"wp-block-column is-layout-flow wp-block-column-is-layout-flow\"><a href=\"https:\/\/www.publiacqua.it\/\"\n     target=\"_blank\"\n     rel=\"noopener noreferrer\"\n     class=\"rtds:flex rtds:items-start rtds:gap-4 rtds:p-4 rtds:bg-white rtds:border rtds:border-primary-200 rtds:rounded-xl rtds:no-underline rtds:transition-colors rtds:hover:border-primary-600 rtds:not-first:mt-5\">\n    <span class=\"rtds:flex-1 rtds:font-serif rtds:font-semibold rtds:text-base rtds:leading-snug rtds:text-primary-700\">\n      Sito ufficiale\n    <\/span>\n    <span class=\"rtds:shrink-0 rtds:flex rtds:items-center rtds:justify-center rtds:size-6 rtds:rounded-full rtds:border rtds:border-primary-600\">\n      <svg width=\"12\" height=\"12\" viewBox=\"0 0 20 20\" fill=\"currentColor\" class=\"rtds:text-primary-600\" aria-hidden=\"true\">\n        <path d=\"M5.22 14.78a.75.75 0 0 0 1.06 0l7.22-7.22v5.69a.75.75 0 0 0 1.5 0v-7.5a.75.75 0 0 0-.75-.75h-7.5a.75.75 0 0 0 0 1.5h5.69l-7.22 7.22a.75.75 0 0 0 0 1.06Z\" \/>\n      <\/svg>\n    <\/span>\n  <\/a>\n<\/div>\n\n\n\n<div class=\"wp-block-column is-layout-flow wp-block-column-is-layout-flow\"><\/div>\n<\/div>\n\n\n\n<p><\/p>\n","protected":false},"excerpt":{"rendered":"<p>Gestore del servizio idrico integrato per 46 Comuni dell&#8217;ATO 3 Medio Valdarno, a servizio di circa 1.300.000 abitanti nelle province di Firenze, Prato, Pistoia e Arezzo.<\/p>\n","protected":false},"author":1,"featured_media":378,"parent":0,"menu_order":0,"comment_status":"closed","ping_status":"closed","template":"template-pagina-informativa.blade.php","meta":{"_acf_changed":false,"xn-wppe-expiration":[],"xn-wppe-expiration-action":[],"xn-wppe-expiration-prefix":[],"footnotes":""},"categories":[],"tags":[],"class_list":["post-382","page","type-page","status-publish","has-post-thumbnail","hentry"],"acf":[],"_links":{"self":[{"href":"https:\/\/cittinformato.netseven.work\/publiacqua\/wp-json\/wp\/v2\/pages\/382","targetHints":{"allow":["GET"]}}],"collection":[{"href":"https:\/\/cittinformato.netseven.work\/publiacqua\/wp-json\/wp\/v2\/pages"}],"about":[{"href":"https:\/\/cittinformato.netseven.work\/publiacqua\/wp-json\/wp\/v2\/types\/page"}],"author":[{"embeddable":true,"href":"https:\/\/cittinformato.netseven.work\/publiacqua\/wp-json\/wp\/v2\/users\/1"}],"replies":[{"embeddable":true,"href":"https:\/\/cittinformato.netseven.work\/publiacqua\/wp-json\/wp\/v2\/comments?post=382"}],"version-history":[{"count":2,"href":"https:\/\/cittinformato.netseven.work\/publiacqua\/wp-json\/wp\/v2\/pages\/382\/revisions"}],"predecessor-version":[{"id":385,"href":"https:\/\/cittinformato.netseven.work\/publiacqua\/wp-json\/wp\/v2\/pages\/382\/revisions\/385"}],"wp:featuredmedia":[{"embeddable":true,"href":"https:\/\/cittinformato.netseven.work\/publiacqua\/wp-json\/wp\/v2\/media\/378"}],"wp:attachment":[{"href":"https:\/\/cittinformato.netseven.work\/publiacqua\/wp-json\/wp\/v2\/media?parent=382"}],"wp:term":[{"taxonomy":"category","embeddable":true,"href":"https:\/\/cittinformato.netseven.work\/publiacqua\/wp-json\/wp\/v2\/categories?post=382"},{"taxonomy":"post_tag","embeddable":true,"href":"https:\/\/cittinformato.netseven.work\/publiacqua\/wp-json\/wp\/v2\/tags?post=382"}],"curies":[{"name":"wp","href":"https:\/\/api.w.org\/{rel}","templated":true}]}}