{"id":373,"date":"2026-04-02T10:40:09","date_gmt":"2026-04-02T08:40:09","guid":{"rendered":"https:\/\/cittinformato.netseven.work\/nuove_acque\/nuove-acque-s-p-a\/"},"modified":"2026-04-03T10:34:12","modified_gmt":"2026-04-03T08:34:12","slug":"nuove-acque-s-p-a","status":"publish","type":"page","link":"https:\/\/cittinformato.netseven.work\/nuove_acque\/nuove-acque-s-p-a\/","title":{"rendered":"Nuove Acque S.p.A."},"content":{"rendered":"\n<h2 class=\"wp-block-heading\">Le gestionnaire<\/h2>\n\n\n\n<p>Nuove Acque S.p.A. a \u00e9t\u00e9 constitu\u00e9e en 1999 pour la gestion du service hydrique int\u00e9gr\u00e9 dans l&#8217;<strong>A.T.O. (Ambito Territoriale Ottimale) n. 4 Alto Valdarno<\/strong>, qui comprend 31 communes de la province d&#8217;Arezzo et 5 de la province de Siena.&nbsp;<strong>La Soci\u00e9t\u00e9 Nuove Acque Spa d\u00e9tient la concession du service jusqu&#8217;en 2024,&nbsp;<\/strong>sous r\u00e9serve des \u00e9ventuelles modifications conform\u00e9ment \u00e0 la Convention d&#8217;Affectation<strong>.<\/strong><br>Celle d&#8217;Arezzo a \u00e9t\u00e9 la premi\u00e8re exp\u00e9rience italienne d&#8217;application de la&nbsp;<strong>Legge Galli&nbsp;<\/strong>sur la gestion int\u00e9gr\u00e9e du cycle hydrique (L. 36\/1994), avec le d\u00e9passement des gestions directes par les communes individuelles. L&#8217;<strong>A.A.T.O. n.4, \u2013 aujourd&#8217;hui AIT Conf\u00e9rence Territoriale Ato 4 Alto Valdarno \u2013&nbsp;<\/strong>a donc \u00e9t\u00e9 la premi\u00e8re Autorit\u00e9 d&#8217;Ambito \u00e0 \u00eatre constitu\u00e9e en application de la nouvelle r\u00e9glementation et Nuove Acque S.p.A. le premier gestionnaire.<\/p>\n\n\n\n<h2 class=\"wp-block-heading\">Liens utiles<\/h2>\n\n\n\n<div class=\"wp-block-columns is-layout-flex wp-container-core-columns-is-layout-9d6595d7 wp-block-columns-is-layout-flex\">\n<div class=\"wp-block-column is-layout-flow wp-block-column-is-layout-flow\"><a href=\"http:\/\/www.nuoveacque.it\"\n     target=\"_blank\"\n     rel=\"noopener noreferrer\"\n     class=\"rtds:flex rtds:items-start rtds:gap-4 rtds:p-4 rtds:bg-white rtds:border rtds:border-primary-200 rtds:rounded-xl rtds:no-underline rtds:transition-colors rtds:hover:border-primary-600 rtds:not-first:mt-5\">\n    <span class=\"rtds:flex-1 rtds:font-serif rtds:font-semibold rtds:text-base rtds:leading-snug rtds:text-primary-700\">\n      Sito ufficiale\n    <\/span>\n    <span class=\"rtds:shrink-0 rtds:flex rtds:items-center rtds:justify-center rtds:size-6 rtds:rounded-full rtds:border rtds:border-primary-600\">\n      <svg width=\"12\" height=\"12\" viewBox=\"0 0 20 20\" fill=\"currentColor\" class=\"rtds:text-primary-600\" aria-hidden=\"true\">\n        <path d=\"M5.22 14.78a.75.75 0 0 0 1.06 0l7.22-7.22v5.69a.75.75 0 0 0 1.5 0v-7.5a.75.75 0 0 0-.75-.75h-7.5a.75.75 0 0 0 0 1.5h5.69l-7.22 7.22a.75.75 0 0 0 0 1.06Z\" \/>\n      <\/svg>\n    <\/span>\n  <\/a>\n<\/div>\n\n\n\n<div class=\"wp-block-column is-layout-flow wp-block-column-is-layout-flow\"><\/div>\n<\/div>\n\n\n\n<p><\/p>\n","protected":false},"excerpt":{"rendered":"<p>Gestore del servizio idrico integrato per 36 Comuni dell&#8217;ATO 4 Alto Valdarno, nelle province di Arezzo e Siena.<\/p>\n","protected":false},"author":1,"featured_media":371,"parent":0,"menu_order":0,"comment_status":"closed","ping_status":"closed","template":"template-pagina-informativa.blade.php","meta":{"_acf_changed":false,"xn-wppe-expiration":[],"xn-wppe-expiration-action":[],"xn-wppe-expiration-prefix":[],"footnotes":""},"categories":[],"tags":[],"class_list":["post-373","page","type-page","status-publish","has-post-thumbnail","hentry"],"acf":[],"_links":{"self":[{"href":"https:\/\/cittinformato.netseven.work\/nuove_acque\/wp-json\/wp\/v2\/pages\/373","targetHints":{"allow":["GET"]}}],"collection":[{"href":"https:\/\/cittinformato.netseven.work\/nuove_acque\/wp-json\/wp\/v2\/pages"}],"about":[{"href":"https:\/\/cittinformato.netseven.work\/nuove_acque\/wp-json\/wp\/v2\/types\/page"}],"author":[{"embeddable":true,"href":"https:\/\/cittinformato.netseven.work\/nuove_acque\/wp-json\/wp\/v2\/users\/1"}],"replies":[{"embeddable":true,"href":"https:\/\/cittinformato.netseven.work\/nuove_acque\/wp-json\/wp\/v2\/comments?post=373"}],"version-history":[{"count":2,"href":"https:\/\/cittinformato.netseven.work\/nuove_acque\/wp-json\/wp\/v2\/pages\/373\/revisions"}],"predecessor-version":[{"id":376,"href":"https:\/\/cittinformato.netseven.work\/nuove_acque\/wp-json\/wp\/v2\/pages\/373\/revisions\/376"}],"wp:featuredmedia":[{"embeddable":true,"href":"https:\/\/cittinformato.netseven.work\/nuove_acque\/wp-json\/wp\/v2\/media\/371"}],"wp:attachment":[{"href":"https:\/\/cittinformato.netseven.work\/nuove_acque\/wp-json\/wp\/v2\/media?parent=373"}],"wp:term":[{"taxonomy":"category","embeddable":true,"href":"https:\/\/cittinformato.netseven.work\/nuove_acque\/wp-json\/wp\/v2\/categories?post=373"},{"taxonomy":"post_tag","embeddable":true,"href":"https:\/\/cittinformato.netseven.work\/nuove_acque\/wp-json\/wp\/v2\/tags?post=373"}],"curies":[{"name":"wp","href":"https:\/\/api.w.org\/{rel}","templated":true}]}}