{"id":370,"date":"2026-04-02T10:40:09","date_gmt":"2026-04-02T08:40:09","guid":{"rendered":"https:\/\/cittinformato.netseven.work\/asa\/asa-s-p-a\/"},"modified":"2026-04-03T10:32:13","modified_gmt":"2026-04-03T08:32:13","slug":"asa-s-p-a","status":"publish","type":"page","link":"https:\/\/cittinformato.netseven.work\/asa\/asa-s-p-a\/","title":{"rendered":"ASA S.p.A."},"content":{"rendered":"\n<h2 class=\"wp-block-heading\">Le gestionnaire<\/h2>\n\n\n\n<p>ASA Spa op\u00e8re dans le service hydrique int\u00e9gr\u00e9 (adduction d&#8217;eau, assainissement, \u00e9puration) et dans la distribution du gaz. Depuis 2002, elle est le gestionnaire unique du service hydrique dans l&#8217;ATO 5 Toscana Costa, dont le bassin d&#8217;usagers compte 360 900 habitants r\u00e9partis dans 33 communes appartenant \u00e0 3 provinces (Livorno, Pisa et Siena). Pour la distribution de gaz, ASA est pr\u00e9sente dans 5 communes de la province de Livorno avec un bassin desservi de 226 659 habitants. ASA se concentre enfin sur des axes strat\u00e9giques dans le domaine de la production \u00e9nerg\u00e9tique traditionnelle (Gaz naturel liquide) et alternative (\u00e9olien et photovolta\u00efque).<\/p>\n\n\n\n<p>ASA SpA, en qualit\u00e9 de Gestionnaire Unique du Service Hydrique Int\u00e9gr\u00e9 pour l&#8217;Autorit\u00e9 Hydrique Toscane \u2013 Conf\u00e9rence Territoriale N\u00b05 &#8220;Toscana Costa&#8221; (ex AATO 5) et distributeur de gaz m\u00e9thane dans plusieurs communes de la Province de Livorno, souhaite se faire le promoteur d&#8217;un changement culturel dans le territoire o\u00f9 elle op\u00e8re, visant \u00e0 diffuser et d\u00e9velopper l&#8217;\u00ab \u00c9thique et la Responsabilit\u00e9 Sociale \u00bb, entendues dans leur sens le plus large, comme un outil strat\u00e9gique de d\u00e9veloppement et d&#8217;accomplissement de la \u00ab Mission d&#8217;Entreprise \u00bb.<\/p>\n\n\n\n<p>Par \u00ab Mission d&#8217;Entreprise \u00bb, on entend l&#8217;exercice de la fonction d&#8217;une entreprise op\u00e9rant sur le territoire pour fournir des services publics de premi\u00e8re importance, garantissant l&#8217;acc\u00e8s \u00e0 un service public et universel dans le respect des standards de qualit\u00e9 pr\u00e9vus par les organes de r\u00e9gulation, et dans une optique de d\u00e9veloppement durable \u00e0 travers des proc\u00e9dures transparentes et des m\u00e9canismes de financement et de compensation adapt\u00e9s pour l&#8217;entreprise.<\/p>\n\n\n\n<p>En tant que premier acte concret, ASA SpA adopte une \u00ab Politique des valeurs \u00bb qui s&#8217;applique aussi bien aux processus d\u00e9cisionnels de la soci\u00e9t\u00e9 m\u00e8re qu&#8217;\u00e0 ceux des soci\u00e9t\u00e9s contr\u00f4l\u00e9es. Les soci\u00e9t\u00e9s particip\u00e9es sont \u00e9galement invit\u00e9es \u00e0 conformer leur \u00ab modus operandi \u00bb, pour les parties qui leur sont applicables, aux principes exprim\u00e9s dans cette politique par adh\u00e9sion formelle manifest\u00e9e par leurs organes d&#8217;administration et\/ou de contr\u00f4le respectifs.<\/p>\n\n\n\n<p>Afin de diffuser et affirmer ces principes de gestion dans le territoire de r\u00e9f\u00e9rence, ASA S.p.A. se r\u00e9serve le droit de favoriser, dans le respect des r\u00e9glementations europ\u00e9ennes et nationales, dans les processus de s\u00e9lection pour les fournitures et les march\u00e9s publics, les entreprises certifi\u00e9es ou en cours de certification UNI EN ISO 14001:2004, enregistr\u00e9es EMAS (Syst\u00e8mes de management environnemental) ou SA8000:2001 (Syst\u00e8me de management \u00c9thique et de Responsabilit\u00e9 Sociale).<\/p>\n\n\n\n<p>&nbsp;<\/p>\n\n\n\n<h2 class=\"wp-block-heading\"><strong>Les dimensions<\/strong><\/h2>\n\n\n\n<p>Un territoire de 33 communes r\u00e9parties dans 3 provinces (Livorno, Pisa et Siena).<\/p>\n\n\n<div class=\"rtds:my-6 rtds:bg-primary-300 rtds:border rtds:border-primary-200 rtds:rounded-xl rtds:p-6 rtds:grid rtds:grid-cols-1 rtds:sm:grid-cols-2 rtds:lg:grid-cols-3 rtds:gap-5\">\n          <div class=\"rtds:bg-white rtds:rounded-xl rtds:p-6 rtds:flex rtds:flex-col rtds:gap-2\">\n        <span class=\"rtds:font-serif rtds:font-semibold rtds:text-28px rtds:leading-tight rtds:text-primary-700\">\n          33\n        <\/span>\n        <div class=\"rtds:font-sans rtds:font-semibold rtds:text-base rtds:leading-normal rtds:text-neutral-600 rtds:uppercase\">\n          <p>Communes<\/p>\n\n        <\/div>\n      <\/div>\n          <div class=\"rtds:bg-white rtds:rounded-xl rtds:p-6 rtds:flex rtds:flex-col rtds:gap-2\">\n        <span class=\"rtds:font-serif rtds:font-semibold rtds:text-28px rtds:leading-tight rtds:text-primary-700\">\n          3\n        <\/span>\n        <div class=\"rtds:font-sans rtds:font-semibold rtds:text-base rtds:leading-normal rtds:text-neutral-600 rtds:uppercase\">\n          <p>Provinces<\/p>\n\n        <\/div>\n      <\/div>\n      <\/div>\n\n\n\n<h2 class=\"wp-block-heading\">Liens utiles<\/h2>\n\n\n\n<div class=\"wp-block-columns is-layout-flex wp-container-core-columns-is-layout-9d6595d7 wp-block-columns-is-layout-flex\">\n<div class=\"wp-block-column is-layout-flow wp-block-column-is-layout-flow\"><a href=\"https:\/\/www.asaspa.it\/\"\n     target=\"_blank\"\n     rel=\"noopener noreferrer\"\n     class=\"rtds:flex rtds:items-start rtds:gap-4 rtds:p-4 rtds:bg-white rtds:border rtds:border-primary-200 rtds:rounded-xl rtds:no-underline rtds:transition-colors rtds:hover:border-primary-600 rtds:not-first:mt-5\">\n    <span class=\"rtds:flex-1 rtds:font-serif rtds:font-semibold rtds:text-base rtds:leading-snug rtds:text-primary-700\">\n      Sito ufficiale\n    <\/span>\n    <span class=\"rtds:shrink-0 rtds:flex rtds:items-center rtds:justify-center rtds:size-6 rtds:rounded-full rtds:border rtds:border-primary-600\">\n      <svg width=\"12\" height=\"12\" viewBox=\"0 0 20 20\" fill=\"currentColor\" class=\"rtds:text-primary-600\" aria-hidden=\"true\">\n        <path d=\"M5.22 14.78a.75.75 0 0 0 1.06 0l7.22-7.22v5.69a.75.75 0 0 0 1.5 0v-7.5a.75.75 0 0 0-.75-.75h-7.5a.75.75 0 0 0 0 1.5h5.69l-7.22 7.22a.75.75 0 0 0 0 1.06Z\" \/>\n      <\/svg>\n    <\/span>\n  <\/a>\n<\/div>\n\n\n\n<div class=\"wp-block-column is-layout-flow wp-block-column-is-layout-flow\"><\/div>\n<\/div>\n\n\n\n<p><\/p>\n","protected":false},"excerpt":{"rendered":"<p>Op\u00e9rateur unique du service int\u00e9gr\u00e9 de l&#8217;eau et de la distribution de gaz dans la zone ATO 5 Toscana Costa, desservant plus de 360 000 habitants.<\/p>\n","protected":false},"author":1,"featured_media":367,"parent":0,"menu_order":0,"comment_status":"closed","ping_status":"closed","template":"template-pagina-informativa.blade.php","meta":{"_acf_changed":false,"xn-wppe-expiration":[],"xn-wppe-expiration-action":[],"xn-wppe-expiration-prefix":[],"footnotes":""},"categories":[],"tags":[],"class_list":["post-370","page","type-page","status-publish","has-post-thumbnail","hentry"],"acf":[],"_links":{"self":[{"href":"https:\/\/cittinformato.netseven.work\/asa\/wp-json\/wp\/v2\/pages\/370","targetHints":{"allow":["GET"]}}],"collection":[{"href":"https:\/\/cittinformato.netseven.work\/asa\/wp-json\/wp\/v2\/pages"}],"about":[{"href":"https:\/\/cittinformato.netseven.work\/asa\/wp-json\/wp\/v2\/types\/page"}],"author":[{"embeddable":true,"href":"https:\/\/cittinformato.netseven.work\/asa\/wp-json\/wp\/v2\/users\/1"}],"replies":[{"embeddable":true,"href":"https:\/\/cittinformato.netseven.work\/asa\/wp-json\/wp\/v2\/comments?post=370"}],"version-history":[{"count":2,"href":"https:\/\/cittinformato.netseven.work\/asa\/wp-json\/wp\/v2\/pages\/370\/revisions"}],"predecessor-version":[{"id":373,"href":"https:\/\/cittinformato.netseven.work\/asa\/wp-json\/wp\/v2\/pages\/370\/revisions\/373"}],"wp:featuredmedia":[{"embeddable":true,"href":"https:\/\/cittinformato.netseven.work\/asa\/wp-json\/wp\/v2\/media\/367"}],"wp:attachment":[{"href":"https:\/\/cittinformato.netseven.work\/asa\/wp-json\/wp\/v2\/media?parent=370"}],"wp:term":[{"taxonomy":"category","embeddable":true,"href":"https:\/\/cittinformato.netseven.work\/asa\/wp-json\/wp\/v2\/categories?post=370"},{"taxonomy":"post_tag","embeddable":true,"href":"https:\/\/cittinformato.netseven.work\/asa\/wp-json\/wp\/v2\/tags?post=370"}],"curies":[{"name":"wp","href":"https:\/\/api.w.org\/{rel}","templated":true}]}}