{"id":56,"date":"2026-04-02T10:40:08","date_gmt":"2026-04-02T08:40:08","guid":{"rendered":"https:\/\/cittinformato.netseven.work\/anbi_toscana_costa\/consortium-de-bonification-toscane-cote\/"},"modified":"2026-04-03T10:24:13","modified_gmt":"2026-04-03T08:24:13","slug":"consortium-de-bonification-toscane-cote","status":"publish","type":"page","link":"https:\/\/cittinformato.netseven.work\/anbi_toscana_costa\/consortium-de-bonification-toscane-cote\/","title":{"rendered":"Consortium de Bonification Toscane C\u00f4te"},"content":{"rendered":"\n<h2 class=\"wp-block-heading\">Le Consortium<\/h2>\n\n\n\n<p>C&#8217;est un organisme public \u00e9conomique \u00e0 base associative, pr\u00e9vu par des r\u00e9glementations nationales et r\u00e9gionales sp\u00e9cifiques. Il regroupe obligatoirement tous les propri\u00e9taires de biens immobiliers (terrains et\/ou b\u00e2timents), \u00e0 l&#8217;int\u00e9rieur du p\u00e9rim\u00e8tre de comp\u00e9tence, qui b\u00e9n\u00e9ficient de l&#8217;activit\u00e9 du Consortium. Le Consortium de Bonification 5 Toscane C\u00f4te a \u00e9t\u00e9 cr\u00e9\u00e9 par la LR 79\/2012, avec cinq autres Consortiums, qui ont acquis toutes les comp\u00e9tences sur le r\u00e9seau hydraulique confi\u00e9 \u00e0 leur gestion par la R\u00e9gion Toscane.<\/p>\n\n\n\n<h2 class=\"wp-block-heading\">Les dimensions<\/h2>\n\n\n\n<p>Le Consortium de Bonification Toscane C\u00f4te  op\u00e8re sur une zone pr\u00e9sentant les caract\u00e9ristiques suivantes :<\/p>\n\n\n<div class=\"rtds:my-6 rtds:bg-primary-300 rtds:border rtds:border-primary-200 rtds:rounded-xl rtds:p-6 rtds:grid rtds:grid-cols-1 rtds:sm:grid-cols-2 rtds:lg:grid-cols-3 rtds:gap-5\">\n          <div class=\"rtds:bg-white rtds:rounded-xl rtds:p-6 rtds:flex rtds:flex-col rtds:gap-2\">\n        <span class=\"rtds:font-serif rtds:font-semibold rtds:text-28px rtds:leading-tight rtds:text-primary-700\">\n          269.165\n        <\/span>\n        <div class=\"rtds:font-sans rtds:font-semibold rtds:text-base rtds:leading-normal rtds:text-neutral-600 rtds:uppercase\">\n          <p>Superficie<\/p>\n\n        <\/div>\n      <\/div>\n          <div class=\"rtds:bg-white rtds:rounded-xl rtds:p-6 rtds:flex rtds:flex-col rtds:gap-2\">\n        <span class=\"rtds:font-serif rtds:font-semibold rtds:text-28px rtds:leading-tight rtds:text-primary-700\">\n          4\n        <\/span>\n        <div class=\"rtds:font-sans rtds:font-semibold rtds:text-base rtds:leading-normal rtds:text-neutral-600 rtds:uppercase\">\n          <p>Provinces<\/p>\n\n        <\/div>\n      <\/div>\n          <div class=\"rtds:bg-white rtds:rounded-xl rtds:p-6 rtds:flex rtds:flex-col rtds:gap-2\">\n        <span class=\"rtds:font-serif rtds:font-semibold rtds:text-28px rtds:leading-tight rtds:text-primary-700\">\n          42\n        <\/span>\n        <div class=\"rtds:font-sans rtds:font-semibold rtds:text-base rtds:leading-normal rtds:text-neutral-600 rtds:uppercase\">\n          <p>Communes<\/p>\n\n        <\/div>\n      <\/div>\n          <div class=\"rtds:bg-white rtds:rounded-xl rtds:p-6 rtds:flex rtds:flex-col rtds:gap-2\">\n        <span class=\"rtds:font-serif rtds:font-semibold rtds:text-28px rtds:leading-tight rtds:text-primary-700\">\n          km 3.266\n        <\/span>\n        <div class=\"rtds:font-sans rtds:font-semibold rtds:text-base rtds:leading-normal rtds:text-neutral-600 rtds:uppercase\">\n          <p>Cours d&#8217;eau g\u00e9r\u00e9s<\/p>\n\n        <\/div>\n      <\/div>\n          <div class=\"rtds:bg-white rtds:rounded-xl rtds:p-6 rtds:flex rtds:flex-col rtds:gap-2\">\n        <span class=\"rtds:font-serif rtds:font-semibold rtds:text-28px rtds:leading-tight rtds:text-primary-700\">\n          210.006\n        <\/span>\n        <div class=\"rtds:font-sans rtds:font-semibold rtds:text-base rtds:leading-normal rtds:text-neutral-600 rtds:uppercase\">\n          <p>Nombre de membres du consortium<\/p>\n\n        <\/div>\n      <\/div>\n      <\/div>\n\n\n\n<h2 class=\"wp-block-heading\">Ses missions<\/h2>\n\n\n\n<p>Le Consortium op\u00e8re sur un territoire d\u00e9fini par la R\u00e9gion Toscane, non pas sur la base des limites administratives mais sur la base des bassins hydrographiques.<br>Le Consortium d\u00e9tient toutes les comp\u00e9tences qui \u00e9taient auparavant r\u00e9parties entre plusieurs organismes.<br>Sa mission ? S&#8217;occuper de l&#8217;entretien des fleuves, des canaux, des torrents et des ouvrages hydrauliques et de bonification pr\u00e9sents sur le territoire confi\u00e9 \u00e0 sa gestion.<br>Les interventions ordinaires et leur typologie, programm\u00e9es chaque ann\u00e9e via le Plan annuel des Activit\u00e9s de Bonification, sont r\u00e9alis\u00e9es par le Consortium gr\u00e2ce \u00e0 la contribution vers\u00e9e par les membres du consortium.<br>Les nouveaux ouvrages hydrauliques sont r\u00e9alis\u00e9s avec la contribution de la R\u00e9gion Toscane.<br>L&#8217;entretien extraordinaire est effectu\u00e9 par le Consortium avec la contribution de la R\u00e9gion Toscane et une partie des fonds du consortium. Le Consortium effectue en outre la surveillance sur l&#8217;ensemble du r\u00e9seau hydrographique en gestion : des milliers de km de cours d&#8217;eau ! Sur le r\u00e9seau, il peut effectuer des interventions (suppression d&#8217;arbres et autres&#8230;) indispensables pour la s\u00e9curit\u00e9 et pour r\u00e9soudre des situations de danger et de criticit\u00e9.<br>La R\u00e9gion Toscane est l&#8217;organisme d&#8217;orientation et de contr\u00f4le de l&#8217;activit\u00e9 des Consortiums de Bonification.<\/p>\n\n\n\n<h2 class=\"wp-block-heading\"><strong>La contribution consortiale<\/strong><\/h2>\n\n\n\n<p>La contribution consortiale demand\u00e9e chaque ann\u00e9e par l&#8217;organisme aux membres du consortium est la seule source de financement dont le Consortium dispose pour effectuer l&#8217;entretien ordinaire des cours d&#8217;eau qui lui sont confi\u00e9s.<br>Le paiement de la contribution consortiale est rendu obligatoire pour tous les propri\u00e9taires d&#8217;immeubles (b\u00e2timents et terrains) qui b\u00e9n\u00e9ficient de l&#8217;activit\u00e9 du Consortium par les r\u00e9glementations nationales et r\u00e9gionales suivantes : art. 44 Constitution, art. 812 et 860 du Code Civil, Regio Decreto 368\/04, R.D. 215\/33 et L.R. 79\/2012.<br>Le montant est calcul\u00e9 chaque ann\u00e9e par la r\u00e9partition entre les membres du consortium des d\u00e9penses engag\u00e9es par le Consortium pour l&#8217;exercice de son activit\u00e9 (plan annuel des activit\u00e9s de bonification et programmation de l&#8217;activit\u00e9) proportionnellement \u00e0 des indices pr\u00e9cis introduits par la R\u00e9gion Toscane avec l&#8217;approbation du Plan de Classification.<\/p>\n\n\n\n<h2 class=\"wp-block-heading\">Contacts<\/h2>\n\n\n\n<p>&nbsp;<\/p>\n\n\n<div class=\"rtds:my-6 rtds:bg-white rtds:border rtds:border-primary-200 rtds:rounded-xl rtds:p-6 rtds:flex rtds:flex-col rtds:gap-2\">\n\n    \n          <div class=\"rtds:flex rtds:items-start rtds:gap-2 rtds:pb-6 rtds:w-full\">\n        <svg class=\"rtds:shrink-0 rtds:size-5 rtds:text-neutral-800 rtds:mt-0.5\" xmlns=\"http:\/\/www.w3.org\/2000\/svg\" fill=\"none\" viewBox=\"0 0 24 24\" stroke-width=\"1.5\" stroke=\"currentColor\" aria-hidden=\"true\">\n          <path stroke-linecap=\"round\" stroke-linejoin=\"round\" d=\"M15 10.5a3 3 0 1 1-6 0 3 3 0 0 1 6 0Z\" \/>\n          <path stroke-linecap=\"round\" stroke-linejoin=\"round\" d=\"M19.5 10.5c0 7.142-7.5 11.25-7.5 11.25S4.5 17.642 4.5 10.5a7.5 7.5 0 0 1 15 0Z\" \/>\n        <\/svg>\n        <div class=\"rtds:flex rtds:flex-col rtds:gap-2\">\n          <span class=\"rtds:font-bold rtds:text-base rtds:leading-normal rtds:text-neutral-800\">Sede legale<\/span>\n          <span class=\"rtds:text-lg rtds:leading-normal rtds:text-neutral-800\">Via degli Speziali 17, Campo alla Croce &#8211; Venturina Terme, Campiglia M.ma 57021<\/span>\n        <\/div>\n      <\/div>\n    \n    \n          <div class=\"rtds:flex rtds:flex-col rtds:lg:flex-row rtds:items-start rtds:justify-between rtds:pb-6 rtds:w-full rtds:gap-6\">\n                  <div class=\"rtds:flex rtds:flex-1 rtds:items-start rtds:gap-2\">\n            <svg class=\"rtds:shrink-0 rtds:size-5 rtds:text-neutral-800 rtds:mt-0.5\" xmlns=\"http:\/\/www.w3.org\/2000\/svg\" fill=\"none\" viewBox=\"0 0 24 24\" stroke-width=\"1.5\" stroke=\"currentColor\" aria-hidden=\"true\">\n              <path stroke-linecap=\"round\" stroke-linejoin=\"round\" d=\"M2.25 6.75c0 8.284 6.716 15 15 15h2.25a2.25 2.25 0 0 0 2.25-2.25v-1.372c0-.516-.351-.966-.852-1.091l-4.423-1.106c-.44-.11-.902.055-1.173.417l-.97 1.293c-.282.376-.769.542-1.21.38a12.035 12.035 0 0 1-7.143-7.143c-.162-.441.004-.928.38-1.21l1.293-.97c.363-.271.527-.734.417-1.173L6.963 3.102a1.125 1.125 0 0 0-1.091-.852H4.5A2.25 2.25 0 0 0 2.25 4.5v2.25Z\" \/>\n            <\/svg>\n            <div class=\"rtds:flex rtds:flex-col rtds:gap-2\">\n              <span class=\"rtds:font-bold rtds:text-base rtds:leading-normal rtds:text-neutral-800\">Telefono<\/span>\n              <span class=\"rtds:font-bold rtds:text-2xl rtds:leading-normal rtds:text-neutral-800\">0565 85761<\/span>\n            <\/div>\n          <\/div>\n                      <\/div>\n    \n    \n          <div class=\"rtds:flex rtds:flex-col rtds:lg:flex-row rtds:items-start rtds:justify-between rtds:pb-6 rtds:w-full rtds:gap-6\">\n                  <div class=\"rtds:flex rtds:flex-1 rtds:items-start rtds:gap-2\">\n            <svg class=\"rtds:shrink-0 rtds:size-5 rtds:text-neutral-800 rtds:mt-0.5\" xmlns=\"http:\/\/www.w3.org\/2000\/svg\" fill=\"none\" viewBox=\"0 0 24 24\" stroke-width=\"1.5\" stroke=\"currentColor\" aria-hidden=\"true\">\n              <path stroke-linecap=\"round\" d=\"M16.5 12a4.5 4.5 0 1 1-9 0 4.5 4.5 0 0 1 9 0Zm0 0c0 1.657 1.007 3 2.25 3S21 13.657 21 12a9 9 0 1 0-5.636 8.318M16.5 12V8.25\" \/>\n            <\/svg>\n            <div class=\"rtds:flex rtds:flex-col rtds:gap-2\">\n              <span class=\"rtds:font-bold rtds:text-base rtds:leading-normal rtds:text-neutral-800\">Email<\/span>\n              <div class=\"rtds:text-lg rtds:leading-normal rtds:text-neutral-800\">e-mail: protocollo@cbtoscanacosta.itrnPec: cb5@pec.cbtoscanacosta.it<\/div>\n            <\/div>\n          <\/div>\n                          <div class=\"rtds:flex rtds:flex-1 rtds:items-start rtds:gap-2\">\n            <svg class=\"rtds:shrink-0 rtds:size-5 rtds:text-neutral-800 rtds:mt-0.5\" xmlns=\"http:\/\/www.w3.org\/2000\/svg\" fill=\"none\" viewBox=\"0 0 24 24\" stroke-width=\"1.5\" stroke=\"currentColor\" aria-hidden=\"true\">\n              <path stroke-linecap=\"round\" stroke-linejoin=\"round\" d=\"M12 21a9.004 9.004 0 0 0 8.716-6.747M12 21a9.004 9.004 0 0 1-8.716-6.747M12 21c2.485 0 4.5-4.03 4.5-9S14.485 3 12 3m0 18c-2.485 0-4.5-4.03-4.5-9S9.515 3 12 3m0 0a8.997 8.997 0 0 1 7.843 4.582M12 3a8.997 8.997 0 0 0-7.843 4.582m15.686 0A11.953 11.953 0 0 1 12 10.5c-2.998 0-5.74-1.1-7.843-2.918m15.686 0A8.959 8.959 0 0 1 21 12c0 .778-.099 1.533-.284 2.253m0 0A17.919 17.919 0 0 1 12 16.5c-3.162 0-6.133-.815-8.716-2.247m0 0A9.015 9.015 0 0 1 3 12c0-1.605.42-3.113 1.157-4.418\" \/>\n            <\/svg>\n            <div class=\"rtds:flex rtds:flex-col rtds:gap-2\">\n              <span class=\"rtds:font-bold rtds:text-base rtds:leading-normal rtds:text-neutral-800\">Sito internet<\/span>\n              <a href=\"http:\/\/www.cbtoscanacosta.it\" target=\"_blank\" rel=\"noopener noreferrer\" class=\"rtds:text-lg rtds:leading-normal rtds:text-primary-700 rtds:underline\">http:\/\/www.cbtoscanacosta.it<\/a>\n            <\/div>\n          <\/div>\n              <\/div>\n    \n    \n          <div class=\"rtds:border-t rtds:border-primary-200 rtds:pt-6 rtds:flex rtds:gap-4 rtds:items-center rtds:w-full\">\n                  <a href=\"tel:056585761\" class=\"rtds:inline-flex rtds:items-center rtds:gap-2 rtds:bg-primary-600 rtds:text-neutral-50 rtds:font-bold rtds:text-lg rtds:leading-normal rtds:rounded-md rtds:pl-3 rtds:pr-4 rtds:py-2 rtds:no-underline rtds:hover:bg-primary-700 rtds:transition-colors\">\n            <svg class=\"rtds:size-5\" xmlns=\"http:\/\/www.w3.org\/2000\/svg\" fill=\"none\" viewBox=\"0 0 24 24\" stroke-width=\"1.5\" stroke=\"currentColor\" aria-hidden=\"true\">\n              <path stroke-linecap=\"round\" stroke-linejoin=\"round\" d=\"M2.25 6.75c0 8.284 6.716 15 15 15h2.25a2.25 2.25 0 0 0 2.25-2.25v-1.372c0-.516-.351-.966-.852-1.091l-4.423-1.106c-.44-.11-.902.055-1.173.417l-.97 1.293c-.282.376-.769.542-1.21.38a12.035 12.035 0 0 1-7.143-7.143c-.162-.441.004-.928.38-1.21l1.293-.97c.363-.271.527-.734.417-1.173L6.963 3.102a1.125 1.125 0 0 0-1.091-.852H4.5A2.25 2.25 0 0 0 2.25 4.5v2.25Z\" \/>\n            <\/svg>\n            Chiama Ora\n          <\/a>\n                                    <a href=\"mailto:e-mail: protocollo@cbtoscanacosta.itrnPec: cb5@pec.cbtoscanacosta.it\" class=\"rtds:inline-flex rtds:items-center rtds:gap-2 rtds:border rtds:border-primary-600 rtds:text-primary-600 rtds:font-bold rtds:text-lg rtds:leading-normal rtds:rounded-md rtds:pl-3 rtds:pr-4 rtds:py-2 rtds:no-underline rtds:hover:bg-primary-50 rtds:transition-colors\">\n            <svg class=\"rtds:size-5\" xmlns=\"http:\/\/www.w3.org\/2000\/svg\" fill=\"none\" viewBox=\"0 0 24 24\" stroke-width=\"1.5\" stroke=\"currentColor\" aria-hidden=\"true\">\n              <path stroke-linecap=\"round\" stroke-linejoin=\"round\" d=\"M21.75 6.75v10.5a2.25 2.25 0 0 1-2.25 2.25h-15a2.25 2.25 0 0 1-2.25-2.25V6.75m19.5 0A2.25 2.25 0 0 0 19.5 4.5h-15a2.25 2.25 0 0 0-2.25 2.25m19.5 0v.243a2.25 2.25 0 0 1-1.07 1.916l-7.5 4.615a2.25 2.25 0 0 1-2.36 0L3.32 8.91a2.25 2.25 0 0 1-1.07-1.916V6.75\" \/>\n            <\/svg>\n            Invia Email\n          <\/a>\n              <\/div>\n    \n  <\/div>\n\n\n\n<p><\/p>\n","protected":false},"excerpt":{"rendered":"<p>Organisme public charg\u00e9 de la gestion du r\u00e9seau hydraulique et de la protection du territoire le long de la c\u00f4te toscane.<\/p>\n","protected":false},"author":671894,"featured_media":49,"parent":0,"menu_order":0,"comment_status":"closed","ping_status":"closed","template":"template-pagina-informativa.blade.php","meta":{"_acf_changed":false,"xn-wppe-expiration":[],"xn-wppe-expiration-action":[],"xn-wppe-expiration-prefix":[],"footnotes":""},"categories":[],"tags":[],"class_list":["post-56","page","type-page","status-publish","has-post-thumbnail","hentry"],"acf":[],"_links":{"self":[{"href":"https:\/\/cittinformato.netseven.work\/anbi_toscana_costa\/wp-json\/wp\/v2\/pages\/56","targetHints":{"allow":["GET"]}}],"collection":[{"href":"https:\/\/cittinformato.netseven.work\/anbi_toscana_costa\/wp-json\/wp\/v2\/pages"}],"about":[{"href":"https:\/\/cittinformato.netseven.work\/anbi_toscana_costa\/wp-json\/wp\/v2\/types\/page"}],"author":[{"embeddable":true,"href":"https:\/\/cittinformato.netseven.work\/anbi_toscana_costa\/wp-json\/wp\/v2\/users\/671894"}],"replies":[{"embeddable":true,"href":"https:\/\/cittinformato.netseven.work\/anbi_toscana_costa\/wp-json\/wp\/v2\/comments?post=56"}],"version-history":[{"count":2,"href":"https:\/\/cittinformato.netseven.work\/anbi_toscana_costa\/wp-json\/wp\/v2\/pages\/56\/revisions"}],"predecessor-version":[{"id":59,"href":"https:\/\/cittinformato.netseven.work\/anbi_toscana_costa\/wp-json\/wp\/v2\/pages\/56\/revisions\/59"}],"wp:featuredmedia":[{"embeddable":true,"href":"https:\/\/cittinformato.netseven.work\/anbi_toscana_costa\/wp-json\/wp\/v2\/media\/49"}],"wp:attachment":[{"href":"https:\/\/cittinformato.netseven.work\/anbi_toscana_costa\/wp-json\/wp\/v2\/media?parent=56"}],"wp:term":[{"taxonomy":"category","embeddable":true,"href":"https:\/\/cittinformato.netseven.work\/anbi_toscana_costa\/wp-json\/wp\/v2\/categories?post=56"},{"taxonomy":"post_tag","embeddable":true,"href":"https:\/\/cittinformato.netseven.work\/anbi_toscana_costa\/wp-json\/wp\/v2\/tags?post=56"}],"curies":[{"name":"wp","href":"https:\/\/api.w.org\/{rel}","templated":true}]}}