{"id":6,"date":"2018-07-11T17:38:25","date_gmt":"2018-07-11T15:38:25","guid":{"rendered":"https:\/\/cittinformato.netseven.work\/anbi\/?page_id=6"},"modified":"2026-03-24T15:48:11","modified_gmt":"2026-03-24T14:48:11","slug":"home-page","status":"publish","type":"page","link":"https:\/\/cittinformato.netseven.work\/anbi\/","title":{"rendered":"ANBI Toscana"},"content":{"rendered":"\n<h2 class=\"wp-block-heading\"><strong><strong>Chi \u00e8 Anbi toscana<\/strong><\/strong><\/h2>\n\n\n\n<p>\u00c8 la struttura regionale di ANBI, l\u2019associazione nazionale delle bonifiche e dell\u2019irrigazione.<br>In Toscana associa i sei Consorzi nati in seguito all\u2019applicazione della LR 79\/2012.<br>ANBI Toscana ha il compito di:<br>a) <strong>Promuovere le politiche e le attivit\u00e0 di bonifica<\/strong> come strumento per la salvaguardia e valorizzazione del territorio, dell\u2019economia, dell\u2019ambiente e del paesaggio<br>b) <strong>Promuovere attivit\u00e0 e politiche per favorire la raccolta, gestione e distribuzione della risorsa idrica<\/strong> a prevalente uso irriguo<br>c) <strong>Coordinare le attivit\u00e0 svolte a livello territoriale dai singoli Consorzi<\/strong> con l\u2019obiettivo di promuovere comportamenti omogenei, razionalizzare le risorse, valorizzare le eccellenze, favorire lo sviluppo delle gestioni associate<\/p>\n\n\n\n<h2 class=\"wp-block-heading\"><strong>Come \u00e8 organizzata<\/strong><\/h2>\n\n\n\n<p><strong>ANBI Toscana<\/strong> \u00e8 una struttura snella che, per la realizzazione di iniziative, progetti e attivit\u00e0, si avvale delle competenze e delle professionalit\u00e0 presenti all\u2019interno dei Consorzi di Bonifica della Toscana.<br>Il suo direttore generale \u00e8 l\u2019arch. <strong>Fabio Zappalorti.<br>ANBI Toscana<\/strong> ha organi di controllo e indirizzo. Sono:<br><strong>Assemblea<\/strong><br><strong>Presidente<\/strong><br><strong>Collegio dei revisori contabili<\/strong><\/p>\n\n\n\n<h3 class=\"wp-block-heading\"><strong><strong>Assemblea dei presidenti<\/strong><\/strong><\/h3>\n\n\n\n<p>L&#8217;Assemblea di ANBI Toscana \u00e8 composta dai Presidenti dei 6 Consorzi di Bonifica Toscana<br>A seguito delle elezioni che si sono svolte <strong>dal 2 al 6 aprile 2019<\/strong> (che, come richiesto dalla LR 79\/2012, si tengono ogni cinque anni), l&#8217;Assemblea di ANBI Toscana risulta cos\u00ec composta:<\/p>\n\n\n\n<ul class=\"wp-block-list\">\n<li><strong>Ismaele Ridolfi<\/strong> (Presidente Consorzio 1 Toscana Nord)<\/li>\n\n\n\n<li><strong>Serena Stefani<\/strong> (Presidente Consorzio 2 Alto Valdarno)<\/li>\n\n\n\n<li><strong>Marco Bottino<\/strong> (Presidente Consorzio 3 Medio Valdarno)<\/li>\n\n\n\n<li><strong>Maurizio Ventavoli <\/strong>(Presidente Consorzio 4 Basso Valdarno)<\/li>\n\n\n\n<li><strong>Giancarlo Vallesi<\/strong> (Presidente Consorzio 5 Toscana Costa)<\/li>\n\n\n\n<li><strong>Fabio Bellacchi<\/strong> (Presidente Consorzio 6 Toscana Sud)<\/li>\n\n\n\n<li><strong>residente del Consorzio 4 Basso Valdarno.<\/strong><\/li>\n<\/ul>\n\n\n\n<h3 class=\"wp-block-heading\"><strong><strong>Presidente e vice presidente<\/strong><\/strong><\/h3>\n\n\n\n<p><strong>Presidente <\/strong>\u00e8 <strong>Marco Bottino<\/strong> (Presidente del Consorzio 3 Medio Valdarno). <strong>Vice Presidente<\/strong> \u00e8 <strong>Serena Stefani <\/strong>(Presidente del Consorzio 2 Alto Valdarno)<\/p>\n\n\n\n<h3 class=\"wp-block-heading\"><strong><strong>Collegio dei revisori dei conti<\/strong><\/strong><\/h3>\n\n\n\n<p>Il Collegio dei revisori dei conti di ANBI Toscana \u00e8 composto da: <strong><br>Claudio Lombardi <\/strong>(Presidente)<strong><br>Francesco Sassoli<br>Gianluca Cavicchioli<\/strong><\/p>\n\n\n\n<h2 class=\"wp-block-heading\"><strong>Anbi toscana su cittadino informato<\/strong><\/h2>\n\n\n\n<p>Grazie a un protocollo d\u2019intesa sottoscritto dai Presidenti di Anbi e Anci Toscana,&nbsp;<b>Cittadino Informato<\/b>&nbsp;\u00e8&nbsp; lo strumento attraverso il quale anche i Consorzi di Bonifica della Toscana comunicano le informazioni sulle loro attivit\u00e0 e le notizie di pubblica utilit\u00e0 ai consorziati e, pi\u00f9 in generale, ai cittadini della regione.<br>Sul sito e sulla App \u201cCittadino Informato\u201d chiunque potr\u00e0 consultare, sulla mappa cartografica del proprio Comune, i corsi d\u2019acqua manutenuti dal Consorzio di Bonifica competente e verificare se e quando questi saranno sottoposti a manutenzione.<\/p>\n\n\n\n<h2 class=\"wp-block-heading\">Sede e contatti<\/h2>\n\n\n<div class=\"rtds:my-6 rtds:bg-white rtds:border rtds:border-primary-200 rtds:rounded-xl rtds:p-6 rtds:flex rtds:flex-col rtds:gap-2\">\n\n    \n          <div class=\"rtds:flex rtds:items-start rtds:gap-2 rtds:pb-6 rtds:w-full\">\n        <svg class=\"rtds:shrink-0 rtds:size-5 rtds:text-neutral-800 rtds:mt-0.5\" xmlns=\"http:\/\/www.w3.org\/2000\/svg\" fill=\"none\" viewBox=\"0 0 24 24\" stroke-width=\"1.5\" stroke=\"currentColor\" aria-hidden=\"true\">\n          <path stroke-linecap=\"round\" stroke-linejoin=\"round\" d=\"M15 10.5a3 3 0 1 1-6 0 3 3 0 0 1 6 0Z\" \/>\n          <path stroke-linecap=\"round\" stroke-linejoin=\"round\" d=\"M19.5 10.5c0 7.142-7.5 11.25-7.5 11.25S4.5 17.642 4.5 10.5a7.5 7.5 0 0 1 15 0Z\" \/>\n        <\/svg>\n        <div class=\"rtds:flex rtds:flex-col rtds:gap-2\">\n          <span class=\"rtds:font-bold rtds:text-base rtds:leading-normal rtds:text-neutral-800\">Sede legale<\/span>\n          <span class=\"rtds:text-lg rtds:leading-normal rtds:text-neutral-800\">Via del Cantone 135, Loc. Ponte Sala\u00a0 &#8211;\u00a0 Sesto Fiorentino FI<\/span>\n        <\/div>\n      <\/div>\n    \n    \n          <div class=\"rtds:flex rtds:flex-col rtds:lg:flex-row rtds:items-start rtds:justify-between rtds:pb-6 rtds:w-full rtds:gap-6\">\n                  <div class=\"rtds:flex rtds:flex-1 rtds:items-start rtds:gap-2\">\n            <svg class=\"rtds:shrink-0 rtds:size-5 rtds:text-neutral-800 rtds:mt-0.5\" xmlns=\"http:\/\/www.w3.org\/2000\/svg\" fill=\"none\" viewBox=\"0 0 24 24\" stroke-width=\"1.5\" stroke=\"currentColor\" aria-hidden=\"true\">\n              <path stroke-linecap=\"round\" stroke-linejoin=\"round\" d=\"M2.25 6.75c0 8.284 6.716 15 15 15h2.25a2.25 2.25 0 0 0 2.25-2.25v-1.372c0-.516-.351-.966-.852-1.091l-4.423-1.106c-.44-.11-.902.055-1.173.417l-.97 1.293c-.282.376-.769.542-1.21.38a12.035 12.035 0 0 1-7.143-7.143c-.162-.441.004-.928.38-1.21l1.293-.97c.363-.271.527-.734.417-1.173L6.963 3.102a1.125 1.125 0 0 0-1.091-.852H4.5A2.25 2.25 0 0 0 2.25 4.5v2.25Z\" \/>\n            <\/svg>\n            <div class=\"rtds:flex rtds:flex-col rtds:gap-2\">\n              <span class=\"rtds:font-bold rtds:text-base rtds:leading-normal rtds:text-neutral-800\">Telefono<\/span>\n              <span class=\"rtds:font-bold rtds:text-2xl rtds:leading-normal rtds:text-neutral-800\">055 283283<\/span>\n            <\/div>\n          <\/div>\n                      <\/div>\n    \n    \n          <div class=\"rtds:flex rtds:flex-col rtds:lg:flex-row rtds:items-start rtds:justify-between rtds:pb-6 rtds:w-full rtds:gap-6\">\n                  <div class=\"rtds:flex rtds:flex-1 rtds:items-start rtds:gap-2\">\n            <svg class=\"rtds:shrink-0 rtds:size-5 rtds:text-neutral-800 rtds:mt-0.5\" xmlns=\"http:\/\/www.w3.org\/2000\/svg\" fill=\"none\" viewBox=\"0 0 24 24\" stroke-width=\"1.5\" stroke=\"currentColor\" aria-hidden=\"true\">\n              <path stroke-linecap=\"round\" d=\"M16.5 12a4.5 4.5 0 1 1-9 0 4.5 4.5 0 0 1 9 0Zm0 0c0 1.657 1.007 3 2.25 3S21 13.657 21 12a9 9 0 1 0-5.636 8.318M16.5 12V8.25\" \/>\n            <\/svg>\n            <div class=\"rtds:flex rtds:flex-col rtds:gap-2\">\n              <span class=\"rtds:font-bold rtds:text-base rtds:leading-normal rtds:text-neutral-800\">Email<\/span>\n              <div class=\"rtds:text-lg rtds:leading-normal rtds:text-neutral-800\">e-mail:\u00a0info@anbitoscana.it<br \/>\r\npec:\u00a0anbitoscana@pec.it<\/div>\n            <\/div>\n          <\/div>\n                          <div class=\"rtds:flex rtds:flex-1 rtds:items-start rtds:gap-2\">\n            <svg class=\"rtds:shrink-0 rtds:size-5 rtds:text-neutral-800 rtds:mt-0.5\" xmlns=\"http:\/\/www.w3.org\/2000\/svg\" fill=\"none\" viewBox=\"0 0 24 24\" stroke-width=\"1.5\" stroke=\"currentColor\" aria-hidden=\"true\">\n              <path stroke-linecap=\"round\" stroke-linejoin=\"round\" d=\"M12 21a9.004 9.004 0 0 0 8.716-6.747M12 21a9.004 9.004 0 0 1-8.716-6.747M12 21c2.485 0 4.5-4.03 4.5-9S14.485 3 12 3m0 18c-2.485 0-4.5-4.03-4.5-9S9.515 3 12 3m0 0a8.997 8.997 0 0 1 7.843 4.582M12 3a8.997 8.997 0 0 0-7.843 4.582m15.686 0A11.953 11.953 0 0 1 12 10.5c-2.998 0-5.74-1.1-7.843-2.918m15.686 0A8.959 8.959 0 0 1 21 12c0 .778-.099 1.533-.284 2.253m0 0A17.919 17.919 0 0 1 12 16.5c-3.162 0-6.133-.815-8.716-2.247m0 0A9.015 9.015 0 0 1 3 12c0-1.605.42-3.113 1.157-4.418\" \/>\n            <\/svg>\n            <div class=\"rtds:flex rtds:flex-col rtds:gap-2\">\n              <span class=\"rtds:font-bold rtds:text-base rtds:leading-normal rtds:text-neutral-800\">Sito internet<\/span>\n              <a href=\"http:\/\/www.anbitoscana.it\" target=\"_blank\" rel=\"noopener noreferrer\" class=\"rtds:text-lg rtds:leading-normal rtds:text-primary-700 rtds:underline\">http:\/\/www.anbitoscana.it<\/a>\n            <\/div>\n          <\/div>\n              <\/div>\n    \n    \n          <div class=\"rtds:border-t rtds:border-primary-200 rtds:pt-6 rtds:flex rtds:gap-4 rtds:items-center rtds:w-full\">\n                  <a href=\"tel:055283283\" class=\"rtds:inline-flex rtds:items-center rtds:gap-2 rtds:bg-primary-600 rtds:text-neutral-50 rtds:font-bold rtds:text-lg rtds:leading-normal rtds:rounded-md rtds:pl-3 rtds:pr-4 rtds:py-2 rtds:no-underline rtds:hover:bg-primary-700 rtds:transition-colors\">\n            <svg class=\"rtds:size-5\" xmlns=\"http:\/\/www.w3.org\/2000\/svg\" fill=\"none\" viewBox=\"0 0 24 24\" stroke-width=\"1.5\" stroke=\"currentColor\" aria-hidden=\"true\">\n              <path stroke-linecap=\"round\" stroke-linejoin=\"round\" d=\"M2.25 6.75c0 8.284 6.716 15 15 15h2.25a2.25 2.25 0 0 0 2.25-2.25v-1.372c0-.516-.351-.966-.852-1.091l-4.423-1.106c-.44-.11-.902.055-1.173.417l-.97 1.293c-.282.376-.769.542-1.21.38a12.035 12.035 0 0 1-7.143-7.143c-.162-.441.004-.928.38-1.21l1.293-.97c.363-.271.527-.734.417-1.173L6.963 3.102a1.125 1.125 0 0 0-1.091-.852H4.5A2.25 2.25 0 0 0 2.25 4.5v2.25Z\" \/>\n            <\/svg>\n            Chiama Ora\n          <\/a>\n                                    <a href=\"mailto:e-mail:\u00a0info@anbitoscana.it\" class=\"rtds:inline-flex rtds:items-center rtds:gap-2 rtds:border rtds:border-primary-600 rtds:text-primary-600 rtds:font-bold rtds:text-lg rtds:leading-normal rtds:rounded-md rtds:pl-3 rtds:pr-4 rtds:py-2 rtds:no-underline rtds:hover:bg-primary-50 rtds:transition-colors\">\n            <svg class=\"rtds:size-5\" xmlns=\"http:\/\/www.w3.org\/2000\/svg\" fill=\"none\" viewBox=\"0 0 24 24\" stroke-width=\"1.5\" stroke=\"currentColor\" aria-hidden=\"true\">\n              <path stroke-linecap=\"round\" stroke-linejoin=\"round\" d=\"M21.75 6.75v10.5a2.25 2.25 0 0 1-2.25 2.25h-15a2.25 2.25 0 0 1-2.25-2.25V6.75m19.5 0A2.25 2.25 0 0 0 19.5 4.5h-15a2.25 2.25 0 0 0-2.25 2.25m19.5 0v.243a2.25 2.25 0 0 1-1.07 1.916l-7.5 4.615a2.25 2.25 0 0 1-2.36 0L3.32 8.91a2.25 2.25 0 0 1-1.07-1.916V6.75\" \/>\n            <\/svg>\n            Invia Email\n          <\/a>\n              <\/div>\n    \n  <\/div>\n","protected":false},"excerpt":{"rendered":"<p>ANBI Toscana coordina i Consorzi di Bonifica regionali per la sicurezza idraulica, la gestione dell\u2019acqua e la manutenzione del territorio, informando cittadini e consorziati sugli interventi e sui corsi d\u2019acqua locali.<\/p>\n","protected":false},"author":671890,"featured_media":119,"parent":0,"menu_order":0,"comment_status":"closed","ping_status":"closed","template":"template-pagina-informativa.blade.php","meta":{"_acf_changed":false,"xn-wppe-expiration":[],"xn-wppe-expiration-action":[],"xn-wppe-expiration-prefix":[],"footnotes":""},"categories":[],"tags":[],"class_list":["post-6","page","type-page","status-publish","has-post-thumbnail","hentry"],"acf":[],"_links":{"self":[{"href":"https:\/\/cittinformato.netseven.work\/anbi\/wp-json\/wp\/v2\/pages\/6","targetHints":{"allow":["GET"]}}],"collection":[{"href":"https:\/\/cittinformato.netseven.work\/anbi\/wp-json\/wp\/v2\/pages"}],"about":[{"href":"https:\/\/cittinformato.netseven.work\/anbi\/wp-json\/wp\/v2\/types\/page"}],"author":[{"embeddable":true,"href":"https:\/\/cittinformato.netseven.work\/anbi\/wp-json\/wp\/v2\/users\/671890"}],"replies":[{"embeddable":true,"href":"https:\/\/cittinformato.netseven.work\/anbi\/wp-json\/wp\/v2\/comments?post=6"}],"version-history":[{"count":4,"href":"https:\/\/cittinformato.netseven.work\/anbi\/wp-json\/wp\/v2\/pages\/6\/revisions"}],"predecessor-version":[{"id":123,"href":"https:\/\/cittinformato.netseven.work\/anbi\/wp-json\/wp\/v2\/pages\/6\/revisions\/123"}],"wp:featuredmedia":[{"embeddable":true,"href":"https:\/\/cittinformato.netseven.work\/anbi\/wp-json\/wp\/v2\/media\/119"}],"wp:attachment":[{"href":"https:\/\/cittinformato.netseven.work\/anbi\/wp-json\/wp\/v2\/media?parent=6"}],"wp:term":[{"taxonomy":"category","embeddable":true,"href":"https:\/\/cittinformato.netseven.work\/anbi\/wp-json\/wp\/v2\/categories?post=6"},{"taxonomy":"post_tag","embeddable":true,"href":"https:\/\/cittinformato.netseven.work\/anbi\/wp-json\/wp\/v2\/tags?post=6"}],"curies":[{"name":"wp","href":"https:\/\/api.w.org\/{rel}","templated":true}]}}