{"id":126,"date":"2026-04-02T11:53:16","date_gmt":"2026-04-02T09:53:16","guid":{"rendered":"https:\/\/cittinformato.netseven.work\/anbi\/anbi-toscane\/"},"modified":"2026-04-03T10:11:27","modified_gmt":"2026-04-03T08:11:27","slug":"anbi-toscane","status":"publish","type":"page","link":"https:\/\/cittinformato.netseven.work\/anbi\/anbi-toscane\/","title":{"rendered":"ANBI Toscane"},"content":{"rendered":"\n<h2 class=\"wp-block-heading\"><strong><strong>Qui est Anbi Toscane<\/strong><\/strong><\/h2>\n\n\n\n<h2 class=\"wp-block-heading\"><strong>Comment est-elle organis\u00e9e<\/strong><\/h2>\n\n\n\n<p><strong>ANBI Toscane<\/strong> est une structure l\u00e9g\u00e8re qui, pour la r\u00e9alisation d&#8217;initiatives, de projets et d&#8217;activit\u00e9s, s&#8217;appuie sur les comp\u00e9tences et les professionnalit\u00e9s pr\u00e9sentes au sein des Consortiums de Bonification de Toscane.<br>Son directeur g\u00e9n\u00e9ral est l&#8217;arch. <strong>Fabio Zappalorti.<br>ANBI Toscane<\/strong> dispose d&#8217;organes de contr\u00f4le et d&#8217;orientation. Ce sont :<br><strong>Assembl\u00e9e<\/strong><br><strong>Pr\u00e9sident<\/strong><br><strong>Coll\u00e8ge des commissaires aux comptes<\/strong><\/p>\n\n\n\n<h3 class=\"wp-block-heading\"><strong><strong>Assembl\u00e9e des pr\u00e9sidents<\/strong><\/strong><\/h3>\n\n\n\n<p>L&#8217;Assembl\u00e9e d&#8217;ANBI Toscane est compos\u00e9e des Pr\u00e9sidents des 6 Consortiums de Bonification de Toscane.<br>Suite aux \u00e9lections qui se sont d\u00e9roul\u00e9es <strong>du 2 au 6 avril 2019<\/strong> (qui, comme pr\u00e9vu par la LR 79\/2012, ont lieu tous les cinq ans), l&#8217;Assembl\u00e9e d&#8217;ANBI Toscane est ainsi compos\u00e9e :<\/p>\n\n\n\n<ul class=\"wp-block-list\">\n<li><strong>Ismaele Ridolfi<\/strong> (Pr\u00e9sident Consortium 1 Toscane Nord)<\/li>\n\n\n\n<li><strong>Serena Stefani<\/strong> (Pr\u00e9sidente Consortium 2 Alto Valdarno)<\/li>\n\n\n\n<li><strong>Marco Bottino<\/strong> (Pr\u00e9sident Consortium 3 Medio Valdarno)<\/li>\n\n\n\n<li><strong>Maurizio Ventavoli <\/strong>(Pr\u00e9sident Consortium 4 Basso Valdarno)<\/li>\n\n\n\n<li><strong>Giancarlo Vallesi<\/strong> (Pr\u00e9sident Consortium 5 Toscane C\u00f4te)<\/li>\n\n\n\n<li><strong>Fabio Bellacchi<\/strong> (Pr\u00e9sident Consortium 6 Toscane Sud)<\/li>\n<\/ul>\n\n\n\n<h3 class=\"wp-block-heading\"><strong><strong>Pr\u00e9sident et vice-pr\u00e9sident<\/strong><\/strong><\/h3>\n\n\n\n<p>Le <strong>Pr\u00e9sident<\/strong> est <strong>Marco Bottino<\/strong> (Pr\u00e9sident du Consortium 3 Medio Valdarno). La <strong>Vice-Pr\u00e9sidente<\/strong> est <strong>Serena Stefani<\/strong> (Pr\u00e9sidente du Consortium 2 Alto Valdarno)<\/p>\n\n\n\n<h3 class=\"wp-block-heading\"><strong><strong>Coll\u00e8ge des commissaires aux comptes<\/strong><\/strong><\/h3>\n\n\n\n<p>Le Coll\u00e8ge des commissaires aux comptes d&#8217;ANBI Toscane est compos\u00e9 de :<strong><br>Claudio Lombardi <\/strong>(Pr\u00e9sident)<strong><br>Francesco Sassoli<br>Gianluca Cavicchioli<\/strong><\/p>\n\n\n\n<h2 class=\"wp-block-heading\"><strong>Anbi Toscane sur Cittadino Informato<\/strong><\/h2>\n\n\n\n<p>Gr\u00e2ce \u00e0 un protocole d&#8217;entente sign\u00e9 par les Pr\u00e9sidents d&#8217;Anbi et d&#8217;Anci Toscane,&nbsp;<b>Cittadino Informato<\/b>&nbsp;est l&#8217;outil \u00e0 travers lequel les Consortiums de Bonification de Toscane communiquent \u00e9galement les informations sur leurs activit\u00e9s et les nouvelles d&#8217;utilit\u00e9 publique aux membres du consortium et, plus g\u00e9n\u00e9ralement, aux citoyens de la r\u00e9gion.<br>Sur le site et sur l&#8217;application \u00ab Cittadino Informato \u00bb, chacun pourra consulter, sur la carte de sa Commune, les cours d&#8217;eau entretenus par le Consortium de Bonification comp\u00e9tent et v\u00e9rifier si et quand ceux-ci feront l&#8217;objet d&#8217;un entretien.<\/p>\n\n\n\n<h2 class=\"wp-block-heading\">Si\u00e8ge et contacts<\/h2>\n\n\n<div class=\"rtds:my-6 rtds:bg-white rtds:border rtds:border-primary-200 rtds:rounded-xl rtds:p-6 rtds:flex rtds:flex-col rtds:gap-2\">\n\n    \n          <div class=\"rtds:flex rtds:items-start rtds:gap-2 rtds:pb-6 rtds:w-full\">\n        <svg class=\"rtds:shrink-0 rtds:size-5 rtds:text-neutral-800 rtds:mt-0.5\" xmlns=\"http:\/\/www.w3.org\/2000\/svg\" fill=\"none\" viewBox=\"0 0 24 24\" stroke-width=\"1.5\" stroke=\"currentColor\" aria-hidden=\"true\">\n          <path stroke-linecap=\"round\" stroke-linejoin=\"round\" d=\"M15 10.5a3 3 0 1 1-6 0 3 3 0 0 1 6 0Z\" \/>\n          <path stroke-linecap=\"round\" stroke-linejoin=\"round\" d=\"M19.5 10.5c0 7.142-7.5 11.25-7.5 11.25S4.5 17.642 4.5 10.5a7.5 7.5 0 0 1 15 0Z\" \/>\n        <\/svg>\n        <div class=\"rtds:flex rtds:flex-col rtds:gap-2\">\n          <span class=\"rtds:font-bold rtds:text-base rtds:leading-normal rtds:text-neutral-800\">Sede legale<\/span>\n          <span class=\"rtds:text-lg rtds:leading-normal rtds:text-neutral-800\">Via del Cantone 135, Loc. Ponte Sala  &#8211;  Sesto Fiorentino FI<\/span>\n        <\/div>\n      <\/div>\n    \n    \n          <div class=\"rtds:flex rtds:flex-col rtds:lg:flex-row rtds:items-start rtds:justify-between rtds:pb-6 rtds:w-full rtds:gap-6\">\n                  <div class=\"rtds:flex rtds:flex-1 rtds:items-start rtds:gap-2\">\n            <svg class=\"rtds:shrink-0 rtds:size-5 rtds:text-neutral-800 rtds:mt-0.5\" xmlns=\"http:\/\/www.w3.org\/2000\/svg\" fill=\"none\" viewBox=\"0 0 24 24\" stroke-width=\"1.5\" stroke=\"currentColor\" aria-hidden=\"true\">\n              <path stroke-linecap=\"round\" stroke-linejoin=\"round\" d=\"M2.25 6.75c0 8.284 6.716 15 15 15h2.25a2.25 2.25 0 0 0 2.25-2.25v-1.372c0-.516-.351-.966-.852-1.091l-4.423-1.106c-.44-.11-.902.055-1.173.417l-.97 1.293c-.282.376-.769.542-1.21.38a12.035 12.035 0 0 1-7.143-7.143c-.162-.441.004-.928.38-1.21l1.293-.97c.363-.271.527-.734.417-1.173L6.963 3.102a1.125 1.125 0 0 0-1.091-.852H4.5A2.25 2.25 0 0 0 2.25 4.5v2.25Z\" \/>\n            <\/svg>\n            <div class=\"rtds:flex rtds:flex-col rtds:gap-2\">\n              <span class=\"rtds:font-bold rtds:text-base rtds:leading-normal rtds:text-neutral-800\">Telefono<\/span>\n              <span class=\"rtds:font-bold rtds:text-2xl rtds:leading-normal rtds:text-neutral-800\">055 283283<\/span>\n            <\/div>\n          <\/div>\n                      <\/div>\n    \n    \n          <div class=\"rtds:flex rtds:flex-col rtds:lg:flex-row rtds:items-start rtds:justify-between rtds:pb-6 rtds:w-full rtds:gap-6\">\n                  <div class=\"rtds:flex rtds:flex-1 rtds:items-start rtds:gap-2\">\n            <svg class=\"rtds:shrink-0 rtds:size-5 rtds:text-neutral-800 rtds:mt-0.5\" xmlns=\"http:\/\/www.w3.org\/2000\/svg\" fill=\"none\" viewBox=\"0 0 24 24\" stroke-width=\"1.5\" stroke=\"currentColor\" aria-hidden=\"true\">\n              <path stroke-linecap=\"round\" d=\"M16.5 12a4.5 4.5 0 1 1-9 0 4.5 4.5 0 0 1 9 0Zm0 0c0 1.657 1.007 3 2.25 3S21 13.657 21 12a9 9 0 1 0-5.636 8.318M16.5 12V8.25\" \/>\n            <\/svg>\n            <div class=\"rtds:flex rtds:flex-col rtds:gap-2\">\n              <span class=\"rtds:font-bold rtds:text-base rtds:leading-normal rtds:text-neutral-800\">Email<\/span>\n              <div class=\"rtds:text-lg rtds:leading-normal rtds:text-neutral-800\">e-mail: info@anbitoscana.it<br \/>\r\npec: anbitoscana@pec.it<\/div>\n            <\/div>\n          <\/div>\n                          <div class=\"rtds:flex rtds:flex-1 rtds:items-start rtds:gap-2\">\n            <svg class=\"rtds:shrink-0 rtds:size-5 rtds:text-neutral-800 rtds:mt-0.5\" xmlns=\"http:\/\/www.w3.org\/2000\/svg\" fill=\"none\" viewBox=\"0 0 24 24\" stroke-width=\"1.5\" stroke=\"currentColor\" aria-hidden=\"true\">\n              <path stroke-linecap=\"round\" stroke-linejoin=\"round\" d=\"M12 21a9.004 9.004 0 0 0 8.716-6.747M12 21a9.004 9.004 0 0 1-8.716-6.747M12 21c2.485 0 4.5-4.03 4.5-9S14.485 3 12 3m0 18c-2.485 0-4.5-4.03-4.5-9S9.515 3 12 3m0 0a8.997 8.997 0 0 1 7.843 4.582M12 3a8.997 8.997 0 0 0-7.843 4.582m15.686 0A11.953 11.953 0 0 1 12 10.5c-2.998 0-5.74-1.1-7.843-2.918m15.686 0A8.959 8.959 0 0 1 21 12c0 .778-.099 1.533-.284 2.253m0 0A17.919 17.919 0 0 1 12 16.5c-3.162 0-6.133-.815-8.716-2.247m0 0A9.015 9.015 0 0 1 3 12c0-1.605.42-3.113 1.157-4.418\" \/>\n            <\/svg>\n            <div class=\"rtds:flex rtds:flex-col rtds:gap-2\">\n              <span class=\"rtds:font-bold rtds:text-base rtds:leading-normal rtds:text-neutral-800\">Sito internet<\/span>\n              <a href=\"http:\/\/www.anbitoscana.it\" target=\"_blank\" rel=\"noopener noreferrer\" class=\"rtds:text-lg rtds:leading-normal rtds:text-primary-700 rtds:underline\">http:\/\/www.anbitoscana.it<\/a>\n            <\/div>\n          <\/div>\n              <\/div>\n    \n    \n          <div class=\"rtds:border-t rtds:border-primary-200 rtds:pt-6 rtds:flex rtds:gap-4 rtds:items-center rtds:w-full\">\n                  <a href=\"tel:055283283\" class=\"rtds:inline-flex rtds:items-center rtds:gap-2 rtds:bg-primary-600 rtds:text-neutral-50 rtds:font-bold rtds:text-lg rtds:leading-normal rtds:rounded-md rtds:pl-3 rtds:pr-4 rtds:py-2 rtds:no-underline rtds:hover:bg-primary-700 rtds:transition-colors\">\n            <svg class=\"rtds:size-5\" xmlns=\"http:\/\/www.w3.org\/2000\/svg\" fill=\"none\" viewBox=\"0 0 24 24\" stroke-width=\"1.5\" stroke=\"currentColor\" aria-hidden=\"true\">\n              <path stroke-linecap=\"round\" stroke-linejoin=\"round\" d=\"M2.25 6.75c0 8.284 6.716 15 15 15h2.25a2.25 2.25 0 0 0 2.25-2.25v-1.372c0-.516-.351-.966-.852-1.091l-4.423-1.106c-.44-.11-.902.055-1.173.417l-.97 1.293c-.282.376-.769.542-1.21.38a12.035 12.035 0 0 1-7.143-7.143c-.162-.441.004-.928.38-1.21l1.293-.97c.363-.271.527-.734.417-1.173L6.963 3.102a1.125 1.125 0 0 0-1.091-.852H4.5A2.25 2.25 0 0 0 2.25 4.5v2.25Z\" \/>\n            <\/svg>\n            Chiama Ora\n          <\/a>\n                                    <a href=\"mailto:e-mail: info@anbitoscana.it\" class=\"rtds:inline-flex rtds:items-center rtds:gap-2 rtds:border rtds:border-primary-600 rtds:text-primary-600 rtds:font-bold rtds:text-lg rtds:leading-normal rtds:rounded-md rtds:pl-3 rtds:pr-4 rtds:py-2 rtds:no-underline rtds:hover:bg-primary-50 rtds:transition-colors\">\n            <svg class=\"rtds:size-5\" xmlns=\"http:\/\/www.w3.org\/2000\/svg\" fill=\"none\" viewBox=\"0 0 24 24\" stroke-width=\"1.5\" stroke=\"currentColor\" aria-hidden=\"true\">\n              <path stroke-linecap=\"round\" stroke-linejoin=\"round\" d=\"M21.75 6.75v10.5a2.25 2.25 0 0 1-2.25 2.25h-15a2.25 2.25 0 0 1-2.25-2.25V6.75m19.5 0A2.25 2.25 0 0 0 19.5 4.5h-15a2.25 2.25 0 0 0-2.25 2.25m19.5 0v.243a2.25 2.25 0 0 1-1.07 1.916l-7.5 4.615a2.25 2.25 0 0 1-2.36 0L3.32 8.91a2.25 2.25 0 0 1-1.07-1.916V6.75\" \/>\n            <\/svg>\n            Invia Email\n          <\/a>\n              <\/div>\n    \n  <\/div>\n","protected":false},"excerpt":{"rendered":"<p>L&#8217;ANBI Toscane coordonne les consortiums r\u00e9gionaux d&#8217;assainissement en mati\u00e8re de s\u00e9curit\u00e9 hydraulique, de gestion de l&#8217;eau et d&#8217;entretien du territoire, et informe les citoyens et les membres des consortiums sur les interventions et les cours d&#8217;eau locaux.<\/p>\n","protected":false},"author":1,"featured_media":119,"parent":0,"menu_order":0,"comment_status":"closed","ping_status":"closed","template":"template-pagina-informativa.blade.php","meta":{"_acf_changed":false,"xn-wppe-expiration":[],"xn-wppe-expiration-action":[],"xn-wppe-expiration-prefix":[],"footnotes":""},"categories":[],"tags":[],"class_list":["post-126","page","type-page","status-publish","has-post-thumbnail","hentry"],"acf":[],"_links":{"self":[{"href":"https:\/\/cittinformato.netseven.work\/anbi\/wp-json\/wp\/v2\/pages\/126","targetHints":{"allow":["GET"]}}],"collection":[{"href":"https:\/\/cittinformato.netseven.work\/anbi\/wp-json\/wp\/v2\/pages"}],"about":[{"href":"https:\/\/cittinformato.netseven.work\/anbi\/wp-json\/wp\/v2\/types\/page"}],"author":[{"embeddable":true,"href":"https:\/\/cittinformato.netseven.work\/anbi\/wp-json\/wp\/v2\/users\/1"}],"replies":[{"embeddable":true,"href":"https:\/\/cittinformato.netseven.work\/anbi\/wp-json\/wp\/v2\/comments?post=126"}],"version-history":[{"count":2,"href":"https:\/\/cittinformato.netseven.work\/anbi\/wp-json\/wp\/v2\/pages\/126\/revisions"}],"predecessor-version":[{"id":129,"href":"https:\/\/cittinformato.netseven.work\/anbi\/wp-json\/wp\/v2\/pages\/126\/revisions\/129"}],"wp:featuredmedia":[{"embeddable":true,"href":"https:\/\/cittinformato.netseven.work\/anbi\/wp-json\/wp\/v2\/media\/119"}],"wp:attachment":[{"href":"https:\/\/cittinformato.netseven.work\/anbi\/wp-json\/wp\/v2\/media?parent=126"}],"wp:term":[{"taxonomy":"category","embeddable":true,"href":"https:\/\/cittinformato.netseven.work\/anbi\/wp-json\/wp\/v2\/categories?post=126"},{"taxonomy":"post_tag","embeddable":true,"href":"https:\/\/cittinformato.netseven.work\/anbi\/wp-json\/wp\/v2\/tags?post=126"}],"curies":[{"name":"wp","href":"https:\/\/api.w.org\/{rel}","templated":true}]}}