{"id":371,"date":"2026-04-02T10:40:09","date_gmt":"2026-04-02T08:40:09","guid":{"rendered":"https:\/\/cittinformato.netseven.work\/acque_spa\/acque-s-p-a\/"},"modified":"2026-04-03T10:34:59","modified_gmt":"2026-04-03T08:34:59","slug":"acque-s-p-a","status":"publish","type":"page","link":"https:\/\/cittinformato.netseven.work\/acque_spa\/acque-s-p-a\/","title":{"rendered":"Acque S.p.A."},"content":{"rendered":"\n<h2 class=\"wp-block-heading\">Le gestionnaire<\/h2>\n\n\n\n<p>Acque SpA est n\u00e9e de la concentration de cinq soci\u00e9t\u00e9s publiques (Gea di Pisa, Publiservizi di Empoli, Cerbaie di Pontedera, Coad di Pescia et Aquapur di Capannori). \u00c0 partir du 1er janvier 2002, l&#8217;Autorit\u00e9 de l&#8217;Ambito Territoriale Ottimale \u2013 <a href=\"http:\/\/www.ato2acqua.toscana.it\/\">ATO 2<\/a> lui a confi\u00e9 la gestion du <strong>service hydrique int\u00e9gr\u00e9 du Basso Valdarno : <\/strong>un territoire \u00e0 cheval sur <strong>cinq provinces<\/strong> (Pisa, Lucca, Pistoia, Firenze, Siena), r\u00e9parti sur <strong>55 communes<\/strong> o\u00f9 vivent <strong>plus de 800 000 habitants <\/strong>et qui s&#8217;\u00e9tend du c\u0153ur de la Toscane jusqu&#8217;\u00e0 la c\u00f4te tyrrh\u00e9nienne.<\/p>\n\n\n\n<p>Conform\u00e9ment aux engagements \u00e9tablis dans la convention d&#8217;affectation du service, Acque SpA a lanc\u00e9 un appel d&#8217;offres public au niveau europ\u00e9en pour la s\u00e9lection d&#8217;un partenaire priv\u00e9, qui s&#8217;est conclu dans les d\u00e9lais pr\u00e9vus avec l&#8217;adjudication de 45 % du capital social \u00e0 Abab SpA, un groupement comprenant les soci\u00e9t\u00e9s Acea Spa, Suez Italia Spa, Vianini Lavori Spa et CTC Societ\u00e0 Cooperativa.<\/p>\n\n\n\n<p>Acque SpA est charg\u00e9e de mettre en \u0153uvre un <strong>plan d&#8217;investissement sur vingt ans de 651 millions d&#8217;euros<\/strong>, visant \u00e0 garantir des standards de qualit\u00e9 du service d&#8217;adduction toujours plus \u00e9lev\u00e9s et \u00e0 \u00e9tendre sur l&#8217;ensemble du territoire desservi un syst\u00e8me efficace d&#8217;assainissement et d&#8217;\u00e9puration, pour la protection de l&#8217;environnement et de la sant\u00e9 des citoyens.<\/p>\n\n\n\n<p>L&#8217;eau est le bien le plus pr\u00e9cieux pour la vie. Nous agissons souvent comme si c&#8217;\u00e9tait une ressource \u00e9ternellement disponible, mais ce n&#8217;est pas le cas. De la capacit\u00e9 \u00e0 <strong>assurer pour l&#8217;avenir l&#8217;acc\u00e8s \u00e0 une source d&#8217;eau douce s\u00fbre, propre et suffisante<\/strong> d\u00e9pendront la survie, le bien-\u00eatre et le d\u00e9veloppement socio-\u00e9conomique de toute l&#8217;humanit\u00e9. Dans cette perspective, il est n\u00e9cessaire de construire <strong>une industrie moderne de l&#8217;eau<\/strong> au service des citoyens et des activit\u00e9s \u00e9conomiques, capable de r\u00e9aliser une gestion rationnelle, efficace et avis\u00e9e de la ressource hydrique. C&#8217;est exactement la mission d&#8217;Acque SpA, qui op\u00e8re sur une portion significative de la Toscane en tant que gestionnaire unique du cycle int\u00e9gr\u00e9 de l&#8217;eau dans le Basso Valdarno.<\/p>\n\n\n\n<p>Acque S.p.A. op\u00e8re dans un secteur des services publics locaux \u00e0 haute valeur sociale et de grande utilit\u00e9 pour la collectivit\u00e9. Elle vise donc \u00e0 offrir \u00e0 ses clients les meilleurs standards de qualit\u00e9, \u00e0 des co\u00fbts contenus et comp\u00e9titifs, dans le respect des obligations \u00e9tablies par la charte des services, le r\u00e8glement du service hydrique int\u00e9gr\u00e9 et la convention d&#8217;affectation.<\/p>\n\n\n\n<p><strong>Acque SpA fonde sa gestion sur des crit\u00e8res de transparence, d&#8217;efficacit\u00e9 et de responsabilit\u00e9<\/strong>, et vise \u00e0 atteindre ses objectifs d&#8217;entreprise, dans le cadre du respect des finalit\u00e9s sociales et environnementales d\u00e9finies en accord avec les collectivit\u00e9s locales de r\u00e9f\u00e9rence, en s&#8217;engageant notamment \u00e0 prot\u00e9ger l&#8217;environnement et \u00e0 contribuer au <strong>d\u00e9veloppement durable du territoire<\/strong>.<\/p>\n\n\n\n<h2 class=\"wp-block-heading\">Liens utiles<\/h2>\n\n\n\n<div class=\"wp-block-columns is-layout-flex wp-container-core-columns-is-layout-9d6595d7 wp-block-columns-is-layout-flex\">\n<div class=\"wp-block-column is-layout-flow wp-block-column-is-layout-flow\"><a href=\"http:\/\/www.acque.net\"\n     target=\"_blank\"\n     rel=\"noopener noreferrer\"\n     class=\"rtds:flex rtds:items-start rtds:gap-4 rtds:p-4 rtds:bg-white rtds:border rtds:border-primary-200 rtds:rounded-xl rtds:no-underline rtds:transition-colors rtds:hover:border-primary-600 rtds:not-first:mt-5\">\n    <span class=\"rtds:flex-1 rtds:font-serif rtds:font-semibold rtds:text-base rtds:leading-snug rtds:text-primary-700\">\n      Sito ufficiale\n    <\/span>\n    <span class=\"rtds:shrink-0 rtds:flex rtds:items-center rtds:justify-center rtds:size-6 rtds:rounded-full rtds:border rtds:border-primary-600\">\n      <svg width=\"12\" height=\"12\" viewBox=\"0 0 20 20\" fill=\"currentColor\" class=\"rtds:text-primary-600\" aria-hidden=\"true\">\n        <path d=\"M5.22 14.78a.75.75 0 0 0 1.06 0l7.22-7.22v5.69a.75.75 0 0 0 1.5 0v-7.5a.75.75 0 0 0-.75-.75h-7.5a.75.75 0 0 0 0 1.5h5.69l-7.22 7.22a.75.75 0 0 0 0 1.06Z\" \/>\n      <\/svg>\n    <\/span>\n  <\/a>\n<\/div>\n\n\n\n<div class=\"wp-block-column is-layout-flow wp-block-column-is-layout-flow\"><\/div>\n<\/div>\n\n\n\n<p><\/p>\n","protected":false},"excerpt":{"rendered":"<p>Gestionnaire du service int\u00e9gr\u00e9 de l&#8217;eau de l&#8217;ATO 2 Basso Valdarno pour 55 communes r\u00e9parties dans 5 provinces, desservant plus de 800 000 habitants, du c\u0153ur de la Toscane \u00e0 la c\u00f4te tyrrh\u00e9nienne.<\/p>\n","protected":false},"author":1,"featured_media":368,"parent":0,"menu_order":0,"comment_status":"closed","ping_status":"closed","template":"template-pagina-informativa.blade.php","meta":{"_acf_changed":false,"xn-wppe-expiration":[],"xn-wppe-expiration-action":[],"xn-wppe-expiration-prefix":[],"footnotes":""},"categories":[],"tags":[],"class_list":["post-371","page","type-page","status-publish","has-post-thumbnail","hentry"],"acf":[],"_links":{"self":[{"href":"https:\/\/cittinformato.netseven.work\/acque_spa\/wp-json\/wp\/v2\/pages\/371","targetHints":{"allow":["GET"]}}],"collection":[{"href":"https:\/\/cittinformato.netseven.work\/acque_spa\/wp-json\/wp\/v2\/pages"}],"about":[{"href":"https:\/\/cittinformato.netseven.work\/acque_spa\/wp-json\/wp\/v2\/types\/page"}],"author":[{"embeddable":true,"href":"https:\/\/cittinformato.netseven.work\/acque_spa\/wp-json\/wp\/v2\/users\/1"}],"replies":[{"embeddable":true,"href":"https:\/\/cittinformato.netseven.work\/acque_spa\/wp-json\/wp\/v2\/comments?post=371"}],"version-history":[{"count":2,"href":"https:\/\/cittinformato.netseven.work\/acque_spa\/wp-json\/wp\/v2\/pages\/371\/revisions"}],"predecessor-version":[{"id":374,"href":"https:\/\/cittinformato.netseven.work\/acque_spa\/wp-json\/wp\/v2\/pages\/371\/revisions\/374"}],"wp:featuredmedia":[{"embeddable":true,"href":"https:\/\/cittinformato.netseven.work\/acque_spa\/wp-json\/wp\/v2\/media\/368"}],"wp:attachment":[{"href":"https:\/\/cittinformato.netseven.work\/acque_spa\/wp-json\/wp\/v2\/media?parent=371"}],"wp:term":[{"taxonomy":"category","embeddable":true,"href":"https:\/\/cittinformato.netseven.work\/acque_spa\/wp-json\/wp\/v2\/categories?post=371"},{"taxonomy":"post_tag","embeddable":true,"href":"https:\/\/cittinformato.netseven.work\/acque_spa\/wp-json\/wp\/v2\/tags?post=371"}],"curies":[{"name":"wp","href":"https:\/\/api.w.org\/{rel}","templated":true}]}}